{"id":124,"date":"2024-01-04T21:41:43","date_gmt":"2024-01-04T20:41:43","guid":{"rendered":"https:\/\/dantes-law.com\/?page_id=124"},"modified":"2024-01-09T22:33:08","modified_gmt":"2024-01-09T21:33:08","slug":"actualite","status":"publish","type":"page","link":"https:\/\/dantes-law.com\/fr\/actualite\/","title":{"rendered":"Actualit\u00e9"},"content":{"rendered":"\t\t<div data-elementor-type=\"wp-page\" data-elementor-id=\"124\" class=\"elementor elementor-124\" data-elementor-settings=\"{&quot;ha_cmc_init_switcher&quot;:&quot;no&quot;}\" data-elementor-post-type=\"page\">\n\t\t\t\t<div class=\"elementor-element elementor-element-4d61fd7 e-flex e-con-boxed wpr-particle-no wpr-jarallax-no wpr-parallax-no wpr-sticky-section-no e-con e-parent\" data-id=\"4d61fd7\" data-element_type=\"container\" data-settings=\"{&quot;_ha_eqh_enable&quot;:false}\">\n\t\t\t\t\t<div class=\"e-con-inner\">\n\t\t\t\t<div class=\"elementor-element elementor-element-f2ad98b elementor-widget elementor-widget-html\" data-id=\"f2ad98b\" data-element_type=\"widget\" data-widget_type=\"html.default\">\n\t\t\t\t<div class=\"elementor-widget-container\">\n\t\t\t\t\t<script>\n        document.addEventListener('DOMContentLoaded', function() {\n            var label = document.querySelector('.asr_texonomy');\n            if (label) {\n                label.textContent = 'Tous les articles';\n            }\n        });\n<\/script>\n\n<script>\n  function changerTexteLiens() {\n    var liens = document.querySelectorAll('.am__read_more_link');\n    liens.forEach(function(lien) {\n      lien.textContent = 'Lire l\\'article';\n    });\n  }\n  window.onload = changerTexteLiens;\n<\/script>\n\t\t\t\t<\/div>\n\t\t\t\t<\/div>\n\t\t\t\t<div class=\"elementor-element elementor-element-99dcdc7 elementor-widget elementor-widget-shortcode\" data-id=\"99dcdc7\" data-element_type=\"widget\" data-widget_type=\"shortcode.default\">\n\t\t\t\t<div class=\"elementor-widget-container\">\n\t\t\t\t\t\t\t<div class=\"elementor-shortcode\">\n\t   \n\t\t<div id=\"gm-Qzedep61\" \n\t\t\tdata-grid-style=\"default\"\n\t\t\tclass=\"am_ajax_post_grid_wrap gm-Qzedep61 gridmaster-default\"\n\t\t\tdata-pagination_type=\"\" \n\t\t\tdata-am_ajax_post_grid='{&quot;post_type&quot;:&quot;post&quot;,&quot;posts_per_page&quot;:&quot;10&quot;,&quot;orderby&quot;:&quot;date&quot;,&quot;order&quot;:&quot;DESC&quot;,&quot;title_length&quot;:50,&quot;content_from&quot;:&quot;excerpt&quot;,&quot;excerpt_type&quot;:&quot;words&quot;,&quot;excerpt_length&quot;:&quot;15&quot;,&quot;show_read_more&quot;:&quot;yes&quot;,&quot;read_more_text&quot;:&quot;&quot;,&quot;show_filter&quot;:&quot;yes&quot;,&quot;btn_all&quot;:&quot;yes&quot;,&quot;cat&quot;:&quot;&quot;,&quot;paginate&quot;:&quot;no&quot;,&quot;hide_empty&quot;:&quot;0&quot;,&quot;pagination_type&quot;:&quot;&quot;,&quot;infinite_scroll&quot;:&quot;&quot;,&quot;animation&quot;:&quot;&quot;,&quot;grid_style&quot;:&quot;default&quot;,&quot;grid_id&quot;:&quot;gm-Qzedep61&quot;,&quot;taxonomy&quot;:&quot;category&quot;,&quot;terms&quot;:&quot;&quot;,&quot;grid_image_size&quot;:&quot;full&quot;,&quot;filter_heading&quot;:&quot;&quot;,&quot;toggle_filter_items&quot;:&quot;&quot;,&quot;id&quot;:0}'>\n\n\t\t\t\t\t\t<div class=\"asr-filter-div\">\n\t\t\t\t<!-- Single Filter -->\n\t\t\t\t\t\t\t\t<div class=\"gm-filter-wrap gm-filter-toggle-\">\n\t\t\t\t\t\n\t\t\t\t\t<div class=\"gm-single-filter\">\n\t\t\t\t\t\t\t\t\t\t\t\t\t\n\t<div class=\"gm-taxonomy-filter  gm-tax-filter-style-default gm-filter-grid-id-gm-Qzedep61 \">\n        \t\t<div class=\"gm-taxonomy-item gm-taxonomy-all\">\n\t\t\t<input type=\"radio\" name=\"tax_input[category][]\" id=\"gm-Qzedep61-category_all\" value=\"-1\" \/>\n\t\t\t<label class=\"asr_texonomy\" for=\"gm-Qzedep61-category_all\">All<\/label>\n\t\t<\/div>\n\t\t\t\t\t\t\t<div class=\"gm-taxonomy-item\">\n\t\t\t\t<input type=\"radio\" name=\"tax_input[category][]\" id=\"gm-Qzedep61-category_5\" value=\"5\" \/>\n\t\t\t\t<label class=\"asr_texonomy\" for=\"gm-Qzedep61-category_5\">Actualit\u00e9<\/label>\n\t\t\t<\/div>\n\t\t\t\t\t<div class=\"gm-taxonomy-item\">\n\t\t\t\t<input type=\"radio\" name=\"tax_input[category][]\" id=\"gm-Qzedep61-category_7\" value=\"7\" \/>\n\t\t\t\t<label class=\"asr_texonomy\" for=\"gm-Qzedep61-category_7\">Article<\/label>\n\t\t\t<\/div>\n\t\t\t\t\t<div class=\"gm-taxonomy-item\">\n\t\t\t\t<input type=\"radio\" name=\"tax_input[category][]\" id=\"gm-Qzedep61-category_1\" value=\"1\" \/>\n\t\t\t\t<label class=\"asr_texonomy\" for=\"gm-Qzedep61-category_1\">Blog<\/label>\n\t\t\t<\/div>\n\t\t\t\t\t<div class=\"gm-taxonomy-item\">\n\t\t\t\t<input type=\"radio\" name=\"tax_input[category][]\" id=\"gm-Qzedep61-category_14\" value=\"14\" \/>\n\t\t\t\t<label class=\"asr_texonomy\" for=\"gm-Qzedep61-category_14\">Non class\u00e9<\/label>\n\t\t\t<\/div>\n\t\t\t\t\t<div class=\"gm-taxonomy-item\">\n\t\t\t\t<input type=\"radio\" name=\"tax_input[category][]\" id=\"gm-Qzedep61-category_8\" value=\"8\" \/>\n\t\t\t\t<label class=\"asr_texonomy\" for=\"gm-Qzedep61-category_8\">Podcast<\/label>\n\t\t\t<\/div>\n\t\t\t<\/div>\n\t\t\t\t\t<\/div>\n\t\t\t\t<\/div>\n\t\t\t\t<!-- End Single Filter -->\n\t\t\t<\/div>\n\t\t\t\t\t\t\t<div class=\"asr-ajax-container\">\n\t\t\t\t<div class=\"asr-loader\">\n\t\t\t\t\t<div class=\"lds-dual-ring\"><\/div>\n\t\t\t\t<\/div>\n\t\t\t\t<div class=\"asrafp-filter-result\">\n\t\t\t\t\t\n\t\t\t<div class=\"am_post_grid am__col-3 am_layout_1  \">\n\t\t\t\n\t\t\t\n\t\t\t\t<div class=\"am_grid_col\">\n\t<div class=\"am_single_grid\">\n\t\t<div class=\"am_thumb\">\n\t\t\t<img fetchpriority=\"high\" decoding=\"async\" width=\"400\" height=\"400\" src=\"https:\/\/dantes-law.com\/wp-content\/uploads\/2023\/12\/32128736-1694005639855-1717d25726f92-1.jpg\" class=\"attachment-full size-full wp-post-image\" alt=\"\" srcset=\"https:\/\/dantes-law.com\/wp-content\/uploads\/2023\/12\/32128736-1694005639855-1717d25726f92-1.jpg 400w, https:\/\/dantes-law.com\/wp-content\/uploads\/2023\/12\/32128736-1694005639855-1717d25726f92-1-300x300.jpg 300w, https:\/\/dantes-law.com\/wp-content\/uploads\/2023\/12\/32128736-1694005639855-1717d25726f92-1-150x150.jpg 150w\" sizes=\"(max-width: 400px) 100vw, 400px\" \/>\t\t<\/div>\n\t\t<div class=\"am_cont\">\n            <h4 class=\"am__title\"><a href=\"https:\/\/dantes-law.com\/fr\/le-cadre-juridique-dans-linnovation-manageriale\/\">Le cadre juridique dans l&rsquo;innovation manage\u0301riale<\/a><\/h4>            <div class=\"am__excerpt\">\u00c9couter le podcast de Marion Stumm :<\/div>            <div class=\"gm_read_more\"><a href=\"https:\/\/dantes-law.com\/fr\/le-cadre-juridique-dans-linnovation-manageriale\/\" class=\"am__readmore am__read_more_link\">Read More<\/a><\/div>\t\t<\/div>\n\t<\/div>\n<\/div>\n\n\t\t\t\n\t\t\t\t<div class=\"am_grid_col\">\n\t<div class=\"am_single_grid\">\n\t\t<div class=\"am_thumb\">\n\t\t\t<img decoding=\"async\" width=\"1172\" height=\"2026\" src=\"https:\/\/dantes-law.com\/wp-content\/uploads\/2023\/12\/Screenshot-2023-12-11-at-16.44.01.png\" class=\"attachment-full size-full wp-post-image\" alt=\"\" srcset=\"https:\/\/dantes-law.com\/wp-content\/uploads\/2023\/12\/Screenshot-2023-12-11-at-16.44.01.png 1172w, https:\/\/dantes-law.com\/wp-content\/uploads\/2023\/12\/Screenshot-2023-12-11-at-16.44.01-174x300.png 174w, https:\/\/dantes-law.com\/wp-content\/uploads\/2023\/12\/Screenshot-2023-12-11-at-16.44.01-592x1024.png 592w, https:\/\/dantes-law.com\/wp-content\/uploads\/2023\/12\/Screenshot-2023-12-11-at-16.44.01-768x1328.png 768w, https:\/\/dantes-law.com\/wp-content\/uploads\/2023\/12\/Screenshot-2023-12-11-at-16.44.01-889x1536.png 889w\" sizes=\"(max-width: 1172px) 100vw, 1172px\" \/>\t\t<\/div>\n\t\t<div class=\"am_cont\">\n            <h4 class=\"am__title\"><a href=\"https:\/\/dantes-law.com\/fr\/marion-podcast\/\">Quel e\u0301quilibre entre vie professionnelle et personnelle ?<\/a><\/h4>            <div class=\"am__excerpt\">D\u00e9couvrir le podcast de Marion Stumm :<\/div>            <div class=\"gm_read_more\"><a href=\"https:\/\/dantes-law.com\/fr\/marion-podcast\/\" class=\"am__readmore am__read_more_link\">Read More<\/a><\/div>\t\t<\/div>\n\t<\/div>\n<\/div>\n\n\t\t\t\n\t\t\t\t<div class=\"am_grid_col\">\n\t<div class=\"am_single_grid\">\n\t\t<div class=\"am_thumb\">\n\t\t\t<img decoding=\"async\" width=\"636\" height=\"358\" src=\"https:\/\/dantes-law.com\/wp-content\/uploads\/2023\/12\/a9dae0f108d618dcc933f0e4cf230d05a94a4e32.jpg\" class=\"attachment-full size-full wp-post-image\" alt=\"\" srcset=\"https:\/\/dantes-law.com\/wp-content\/uploads\/2023\/12\/a9dae0f108d618dcc933f0e4cf230d05a94a4e32.jpg 636w, https:\/\/dantes-law.com\/wp-content\/uploads\/2023\/12\/a9dae0f108d618dcc933f0e4cf230d05a94a4e32-300x169.jpg 300w\" sizes=\"(max-width: 636px) 100vw, 636px\" \/>\t\t<\/div>\n\t\t<div class=\"am_cont\">\n            <h4 class=\"am__title\"><a href=\"https:\/\/dantes-law.com\/fr\/limpact-des-nouvelles-lois-sur-le-harcelement-au-travail\/\">L&rsquo;impact des nouvelles lois sur le harc\u00e8lement au travail<\/a><\/h4>            <div class=\"am__excerpt\">Marion Stumm d\u00e9crypte les protections renforc\u00e9es pour les salari\u00e9s Face \u00e0 une prise de conscience<\/div>            <div class=\"gm_read_more\"><a href=\"https:\/\/dantes-law.com\/fr\/limpact-des-nouvelles-lois-sur-le-harcelement-au-travail\/\" class=\"am__readmore am__read_more_link\">Read More<\/a><\/div>\t\t<\/div>\n\t<\/div>\n<\/div>\n\n\t\t\t\n\t\t\t\t<div class=\"am_grid_col\">\n\t<div class=\"am_single_grid\">\n\t\t<div class=\"am_thumb\">\n\t\t\t<img loading=\"lazy\" decoding=\"async\" width=\"2560\" height=\"1707\" src=\"https:\/\/dantes-law.com\/wp-content\/uploads\/2023\/03\/bench-accounting-ziwuqMZNRvs-unsplash-scaled-1.jpg\" class=\"attachment-full size-full wp-post-image\" alt=\"\" srcset=\"https:\/\/dantes-law.com\/wp-content\/uploads\/2023\/03\/bench-accounting-ziwuqMZNRvs-unsplash-scaled-1.jpg 2560w, https:\/\/dantes-law.com\/wp-content\/uploads\/2023\/03\/bench-accounting-ziwuqMZNRvs-unsplash-scaled-1-300x200.jpg 300w, https:\/\/dantes-law.com\/wp-content\/uploads\/2023\/03\/bench-accounting-ziwuqMZNRvs-unsplash-scaled-1-1024x683.jpg 1024w, https:\/\/dantes-law.com\/wp-content\/uploads\/2023\/03\/bench-accounting-ziwuqMZNRvs-unsplash-scaled-1-768x512.jpg 768w, https:\/\/dantes-law.com\/wp-content\/uploads\/2023\/03\/bench-accounting-ziwuqMZNRvs-unsplash-scaled-1-1536x1024.jpg 1536w, https:\/\/dantes-law.com\/wp-content\/uploads\/2023\/03\/bench-accounting-ziwuqMZNRvs-unsplash-scaled-1-2048x1366.jpg 2048w\" sizes=\"(max-width: 2560px) 100vw, 2560px\" \/>\t\t<\/div>\n\t\t<div class=\"am_cont\">\n            <h4 class=\"am__title\"><a href=\"https:\/\/dantes-law.com\/fr\/teletravail-retour-au-bureau-et-equilibre-vie-pro-vie-perso\/\">T\u00e9l\u00e9travail, retour \u00ab\u00a0au bureau\u00a0\u00bb et \u00ab\u00a0\u00e9quilibre vie pro\/vie perso\u00a0\u00bb<\/a><\/h4>            <div class=\"am__excerpt\">\u00ab JP MORGAN bannit le t\u00e9l\u00e9travail pour ses managers&nbsp;! \u00bb c\u2019est le titre d\u2019un r\u00e9cent<\/div>            <div class=\"gm_read_more\"><a href=\"https:\/\/dantes-law.com\/fr\/teletravail-retour-au-bureau-et-equilibre-vie-pro-vie-perso\/\" class=\"am__readmore am__read_more_link\">Read More<\/a><\/div>\t\t<\/div>\n\t<\/div>\n<\/div>\n\n\t\t\t\n\t\t\t\t<div class=\"am_grid_col\">\n\t<div class=\"am_single_grid\">\n\t\t<div class=\"am_thumb\">\n\t\t\t<img loading=\"lazy\" decoding=\"async\" width=\"454\" height=\"262\" src=\"https:\/\/dantes-law.com\/wp-content\/uploads\/2023\/01\/secret-pro.jpg\" class=\"attachment-full size-full wp-post-image\" alt=\"\" srcset=\"https:\/\/dantes-law.com\/wp-content\/uploads\/2023\/01\/secret-pro.jpg 454w, https:\/\/dantes-law.com\/wp-content\/uploads\/2023\/01\/secret-pro-300x173.jpg 300w\" sizes=\"(max-width: 454px) 100vw, 454px\" \/>\t\t<\/div>\n\t\t<div class=\"am_cont\">\n            <h4 class=\"am__title\"><a href=\"https:\/\/dantes-law.com\/fr\/leurope-dernier-rempart-du-secret-professionnel\/\">L\u2019Europe, dernier rempart du secret professionnel\u00a0?<\/a><\/h4>            <div class=\"am__excerpt\">Article publi\u00e9 dans la Gazette du Palais :<\/div>            <div class=\"gm_read_more\"><a href=\"https:\/\/dantes-law.com\/fr\/leurope-dernier-rempart-du-secret-professionnel\/\" class=\"am__readmore am__read_more_link\">Read More<\/a><\/div>\t\t<\/div>\n\t<\/div>\n<\/div>\n\n\t\t\t\t\t\t<\/div>\n\n\t\t\t<div class=\"am_posts_navigation\">\n\t\t\t<div class=\"am_posts_navigation_init\"><\/div>\t\t\t<\/div>\n\n\t\t\t\t\t\t\t<\/div>\n\t\t\t<\/div>\n\t\t<\/div>\n\t\n\t\t<\/div>\n\t\t\t\t\t\t<\/div>\n\t\t\t\t<\/div>\n\t\t\t\t\t<\/div>\n\t\t\t\t<\/div>\n\t\t\t\t<\/div>\n\t\t","protected":false},"excerpt":{"rendered":"","protected":false},"author":1,"featured_media":0,"parent":0,"menu_order":0,"comment_status":"closed","ping_status":"closed","template":"","meta":{"footnotes":""},"class_list":["post-124","page","type-page","status-publish","hentry"],"yoast_head":"<!-- This site is optimized with the Yoast SEO plugin v26.4 - https:\/\/yoast.com\/wordpress\/plugins\/seo\/ -->\n<title>Actualit\u00e9 - Cabinet Dantes law<\/title>\n<meta name=\"robots\" content=\"index, follow, max-snippet:-1, max-image-preview:large, max-video-preview:-1\" \/>\n<link rel=\"canonical\" href=\"https:\/\/dantes-law.com\/fr\/actualite\/\" \/>\n<meta property=\"og:locale\" content=\"fr_FR\" \/>\n<meta property=\"og:type\" content=\"article\" \/>\n<meta property=\"og:title\" content=\"Actualit\u00e9 - Cabinet Dantes law\" \/>\n<meta property=\"og:url\" content=\"https:\/\/dantes-law.com\/fr\/actualite\/\" \/>\n<meta property=\"og:site_name\" content=\"Cabinet Dantes law\" \/>\n<meta property=\"article:modified_time\" content=\"2024-01-09T21:33:08+00:00\" \/>\n<meta name=\"twitter:card\" content=\"summary_large_image\" \/>\n<script type=\"application\/ld+json\" class=\"yoast-schema-graph\">{\"@context\":\"https:\/\/schema.org\",\"@graph\":[{\"@type\":\"WebPage\",\"@id\":\"https:\/\/dantes-law.com\/actualite\/\",\"url\":\"https:\/\/dantes-law.com\/actualite\/\",\"name\":\"Actualit\u00e9 - Cabinet Dantes law\",\"isPartOf\":{\"@id\":\"https:\/\/dantes-law.com\/#website\"},\"datePublished\":\"2024-01-04T20:41:43+00:00\",\"dateModified\":\"2024-01-09T21:33:08+00:00\",\"breadcrumb\":{\"@id\":\"https:\/\/dantes-law.com\/actualite\/#breadcrumb\"},\"inLanguage\":\"fr-FR\",\"potentialAction\":[{\"@type\":\"ReadAction\",\"target\":[\"https:\/\/dantes-law.com\/actualite\/\"]}]},{\"@type\":\"BreadcrumbList\",\"@id\":\"https:\/\/dantes-law.com\/actualite\/#breadcrumb\",\"itemListElement\":[{\"@type\":\"ListItem\",\"position\":1,\"name\":\"Accueil\",\"item\":\"https:\/\/dantes-law.com\/\"},{\"@type\":\"ListItem\",\"position\":2,\"name\":\"Actualit\u00e9\"}]},{\"@type\":\"WebSite\",\"@id\":\"https:\/\/dantes-law.com\/#website\",\"url\":\"https:\/\/dantes-law.com\/\",\"name\":\"Cabinet Dantes law\",\"description\":\"\",\"publisher\":{\"@id\":\"https:\/\/dantes-law.com\/#organization\"},\"potentialAction\":[{\"@type\":\"SearchAction\",\"target\":{\"@type\":\"EntryPoint\",\"urlTemplate\":\"https:\/\/dantes-law.com\/?s={search_term_string}\"},\"query-input\":{\"@type\":\"PropertyValueSpecification\",\"valueRequired\":true,\"valueName\":\"search_term_string\"}}],\"inLanguage\":\"fr-FR\"},{\"@type\":\"Organization\",\"@id\":\"https:\/\/dantes-law.com\/#organization\",\"name\":\"Cabinet Dantes law\",\"url\":\"https:\/\/dantes-law.com\/\",\"logo\":{\"@type\":\"ImageObject\",\"inLanguage\":\"fr-FR\",\"@id\":\"https:\/\/dantes-law.com\/#\/schema\/logo\/image\/\",\"url\":\"https:\/\/dantes-law.com\/wp-content\/uploads\/2023\/12\/Screenshot-2024-01-06-at-12.29.08.png\",\"contentUrl\":\"https:\/\/dantes-law.com\/wp-content\/uploads\/2023\/12\/Screenshot-2024-01-06-at-12.29.08.png\",\"width\":1864,\"height\":936,\"caption\":\"Cabinet Dantes law\"},\"image\":{\"@id\":\"https:\/\/dantes-law.com\/#\/schema\/logo\/image\/\"}}]}<\/script>\n<!-- \/ Yoast SEO plugin. -->","yoast_head_json":{"title":"Actualit\u00e9 - Cabinet Dantes law","robots":{"index":"index","follow":"follow","max-snippet":"max-snippet:-1","max-image-preview":"max-image-preview:large","max-video-preview":"max-video-preview:-1"},"canonical":"https:\/\/dantes-law.com\/fr\/actualite\/","og_locale":"fr_FR","og_type":"article","og_title":"Actualit\u00e9 - Cabinet Dantes law","og_url":"https:\/\/dantes-law.com\/fr\/actualite\/","og_site_name":"Cabinet Dantes law","article_modified_time":"2024-01-09T21:33:08+00:00","twitter_card":"summary_large_image","schema":{"@context":"https:\/\/schema.org","@graph":[{"@type":"WebPage","@id":"https:\/\/dantes-law.com\/actualite\/","url":"https:\/\/dantes-law.com\/actualite\/","name":"Actualit\u00e9 - Cabinet Dantes law","isPartOf":{"@id":"https:\/\/dantes-law.com\/#website"},"datePublished":"2024-01-04T20:41:43+00:00","dateModified":"2024-01-09T21:33:08+00:00","breadcrumb":{"@id":"https:\/\/dantes-law.com\/actualite\/#breadcrumb"},"inLanguage":"fr-FR","potentialAction":[{"@type":"ReadAction","target":["https:\/\/dantes-law.com\/actualite\/"]}]},{"@type":"BreadcrumbList","@id":"https:\/\/dantes-law.com\/actualite\/#breadcrumb","itemListElement":[{"@type":"ListItem","position":1,"name":"Accueil","item":"https:\/\/dantes-law.com\/"},{"@type":"ListItem","position":2,"name":"Actualit\u00e9"}]},{"@type":"WebSite","@id":"https:\/\/dantes-law.com\/#website","url":"https:\/\/dantes-law.com\/","name":"Cabinet Dantes law","description":"","publisher":{"@id":"https:\/\/dantes-law.com\/#organization"},"potentialAction":[{"@type":"SearchAction","target":{"@type":"EntryPoint","urlTemplate":"https:\/\/dantes-law.com\/?s={search_term_string}"},"query-input":{"@type":"PropertyValueSpecification","valueRequired":true,"valueName":"search_term_string"}}],"inLanguage":"fr-FR"},{"@type":"Organization","@id":"https:\/\/dantes-law.com\/#organization","name":"Cabinet Dantes law","url":"https:\/\/dantes-law.com\/","logo":{"@type":"ImageObject","inLanguage":"fr-FR","@id":"https:\/\/dantes-law.com\/#\/schema\/logo\/image\/","url":"https:\/\/dantes-law.com\/wp-content\/uploads\/2023\/12\/Screenshot-2024-01-06-at-12.29.08.png","contentUrl":"https:\/\/dantes-law.com\/wp-content\/uploads\/2023\/12\/Screenshot-2024-01-06-at-12.29.08.png","width":1864,"height":936,"caption":"Cabinet Dantes law"},"image":{"@id":"https:\/\/dantes-law.com\/#\/schema\/logo\/image\/"}}]}},"_links":{"self":[{"href":"https:\/\/dantes-law.com\/fr\/wp-json\/wp\/v2\/pages\/124","targetHints":{"allow":["GET"]}}],"collection":[{"href":"https:\/\/dantes-law.com\/fr\/wp-json\/wp\/v2\/pages"}],"about":[{"href":"https:\/\/dantes-law.com\/fr\/wp-json\/wp\/v2\/types\/page"}],"author":[{"embeddable":true,"href":"https:\/\/dantes-law.com\/fr\/wp-json\/wp\/v2\/users\/1"}],"replies":[{"embeddable":true,"href":"https:\/\/dantes-law.com\/fr\/wp-json\/wp\/v2\/comments?post=124"}],"version-history":[{"count":13,"href":"https:\/\/dantes-law.com\/fr\/wp-json\/wp\/v2\/pages\/124\/revisions"}],"predecessor-version":[{"id":454,"href":"https:\/\/dantes-law.com\/fr\/wp-json\/wp\/v2\/pages\/124\/revisions\/454"}],"wp:attachment":[{"href":"https:\/\/dantes-law.com\/fr\/wp-json\/wp\/v2\/media?parent=124"}],"curies":[{"name":"wp","href":"https:\/\/api.w.org\/{rel}","templated":true}]}}